{"id":71,"date":"2026-01-09T21:24:47","date_gmt":"2026-01-09T20:24:47","guid":{"rendered":"https:\/\/www.szczecin-apartments.rent\/pl\/?page_id=71"},"modified":"2026-03-21T20:45:59","modified_gmt":"2026-03-21T19:45:59","slug":"mieszkania-na-wynajem-w-szczecinie","status":"publish","type":"page","link":"https:\/\/www.szczecin-apartments.rent\/pl\/","title":{"rendered":"Mieszkania dzielone lub kawalerki na wynajem w Szczecinie"},"content":{"rendered":"<h2>Roczny wynajem w Szczecinie<\/h2>\n<p><strong>Mieszkania na wynajem w centrum Szczecina<\/strong>, kawalerki, mieszkanie dwupokojowe lub mieszkanie wsp\u00f3\u0142lokatorskie. Roczne zobowi\u0105zanie jest idealnym rozwi\u0105zaniem dla student\u00f3w medycyny, programu Erasmus&#8230; zupe\u0142nie inaczej ni\u017c w akademikach.<\/p>\n<p>Usytuowane w odleg\u0142o\u015bci 200m od przystank\u00f3w tramwajowych\/autobusowych sk\u0105d mo\u017cliwy jest bezpo\u015bredni dojazd w 10min na wydzia\u0142 medyczny (Pomorski Uniwersytet Medyczny &#8211; PUM) i do szpitala Pomorzany.<\/p>\n<p><strong>Wszystkie mieszkania s\u0105 nowoczesne<\/strong>, jasne, wyposa\u017cone w wysokiej jako\u015bci sprz\u0119t gospodarstwa d<span style=\"font-size: 1.5rem;\">omowego. Ponadto znajduj\u0105 si\u0119 na tym samym pi\u0119trze. Dzi\u0119ki temu mo\u017cna do\u015bwiadczy\u0107 mieszkania w grupie zachowuj\u0105c swoj\u0105 niezale\u017cno\u015b\u0107.\u00a0<\/span><\/p>\n<p>Je\u015bli szukasz pokoju w mieszkaniu dzielonym z innymi wsp\u00f3\u0142lokatorami mamy co\u015b dla Ciebie. Nowe mieszkanie 100m\u00b2, z niezale\u017cnymi 3 pokojami jest do dyspozycji. Znajduje si\u0119 ono w tej samej kamienicy, pi\u0119tro ni\u017cej.<\/p>\n","protected":false},"excerpt":{"rendered":"<p>Roczny wynajem w Szczecinie Mieszkania na wynajem w centrum Szczecina, kawalerki, mieszkanie dwupokojowe lub mieszkanie wsp\u00f3\u0142lokatorskie. Roczne zobowi\u0105zanie jest idealnym rozwi\u0105zaniem dla student\u00f3w medycyny, programu Erasmus&#8230; zupe\u0142nie inaczej ni\u017c w <a class=\"more-link\" href=\"https:\/\/www.szczecin-apartments.rent\/pl\/\">Czytaj dalej&#8230;<\/a><\/p>\n","protected":false},"author":1,"featured_media":0,"parent":0,"menu_order":0,"comment_status":"closed","ping_status":"closed","template":"","meta":{"footnotes":""},"tags":[],"class_list":["post-71","page","type-page","status-publish","hentry"],"yoast_head":"<!-- This site is optimized with the Yoast SEO plugin v27.3 - https:\/\/yoast.com\/product\/yoast-seo-wordpress\/ -->\n<title>\u21d2 Wynajem Szczecin | Mieszkania na wynajem w Szczecinie<\/title>\n<meta name=\"description\" content=\"Kawalerki \/ Mieszkania na wynajem w centrum Szczecina. Wynajem dla student\u00f3w, Erasmus,10 min od Szpitala Pomorzany. Wysoki standard.\" \/>\n<meta name=\"robots\" content=\"index, follow, max-snippet:-1, max-image-preview:large, max-video-preview:-1\" \/>\n<link rel=\"canonical\" href=\"https:\/\/www.szczecin-apartments.rent\/pl\/\" \/>\n<meta property=\"og:locale\" content=\"pl_PL\" \/>\n<meta property=\"og:type\" content=\"article\" \/>\n<meta property=\"og:title\" content=\"\u21d2 Wynajem Szczecin | Mieszkania na wynajem w Szczecinie\" \/>\n<meta property=\"og:description\" content=\"Kawalerki \/ Mieszkania na wynajem w centrum Szczecina. Wynajem dla student\u00f3w, Erasmus,10 min od Szpitala Pomorzany. Wysoki standard.\" \/>\n<meta property=\"og:url\" content=\"https:\/\/www.szczecin-apartments.rent\/pl\/\" \/>\n<meta property=\"og:site_name\" content=\"Wynajem Szczecin\" \/>\n<meta property=\"article:modified_time\" content=\"2026-03-21T19:45:59+00:00\" \/>\n<meta property=\"og:image\" content=\"https:\/\/www.szczecin-apartments.rent\/wp-content\/uploads\/2016\/09\/location-szczecin-studio-11-1-living-kitchen.jpg\" \/>\n\t<meta property=\"og:image:width\" content=\"1632\" \/>\n\t<meta property=\"og:image:height\" content=\"920\" \/>\n\t<meta property=\"og:image:type\" content=\"image\/jpeg\" \/>\n<meta name=\"twitter:card\" content=\"summary_large_image\" \/>\n<meta name=\"twitter:label1\" content=\"Szacowany czas czytania\" \/>\n\t<meta name=\"twitter:data1\" content=\"1 minuta\" \/>\n<script type=\"application\/ld+json\" class=\"yoast-schema-graph\">{\"@context\":\"https:\\\/\\\/schema.org\",\"@graph\":[{\"@type\":\"WebPage\",\"@id\":\"https:\\\/\\\/www.szczecin-apartments.rent\\\/pl\\\/\",\"url\":\"https:\\\/\\\/www.szczecin-apartments.rent\\\/pl\\\/\",\"name\":\"\u21d2 Wynajem Szczecin | Mieszkania na wynajem w Szczecinie\",\"isPartOf\":{\"@id\":\"https:\\\/\\\/www.szczecin-apartments.rent\\\/#website\"},\"datePublished\":\"2026-01-09T20:24:47+00:00\",\"dateModified\":\"2026-03-21T19:45:59+00:00\",\"description\":\"Kawalerki \\\/ Mieszkania na wynajem w centrum Szczecina. Wynajem dla student\u00f3w, Erasmus,10 min od Szpitala Pomorzany. Wysoki standard.\",\"breadcrumb\":{\"@id\":\"https:\\\/\\\/www.szczecin-apartments.rent\\\/pl\\\/#breadcrumb\"},\"inLanguage\":\"pl-PL\",\"potentialAction\":[{\"@type\":\"ReadAction\",\"target\":[\"https:\\\/\\\/www.szczecin-apartments.rent\\\/pl\\\/\"]}]},{\"@type\":\"BreadcrumbList\",\"@id\":\"https:\\\/\\\/www.szczecin-apartments.rent\\\/pl\\\/#breadcrumb\",\"itemListElement\":[{\"@type\":\"ListItem\",\"position\":1,\"name\":\"Accueil\",\"item\":\"https:\\\/\\\/www.szczecin-apartments.rent\\\/pl\\\/\"},{\"@type\":\"ListItem\",\"position\":2,\"name\":\"Mieszkania dzielone lub kawalerki na wynajem w Szczecinie\"}]},{\"@type\":\"WebSite\",\"@id\":\"https:\\\/\\\/www.szczecin-apartments.rent\\\/#website\",\"url\":\"https:\\\/\\\/www.szczecin-apartments.rent\\\/\",\"name\":\"Studend Flat Rental Szczecin\",\"description\":\"Wynajem mieszka\u0144 w Szczecinie\",\"publisher\":{\"@id\":\"https:\\\/\\\/www.szczecin-apartments.rent\\\/#\\\/schema\\\/person\\\/1b38aa0966fbbc200e23dcf7051c1590\"},\"potentialAction\":[{\"@type\":\"SearchAction\",\"target\":{\"@type\":\"EntryPoint\",\"urlTemplate\":\"https:\\\/\\\/www.szczecin-apartments.rent\\\/?s={search_term_string}\"},\"query-input\":{\"@type\":\"PropertyValueSpecification\",\"valueRequired\":true,\"valueName\":\"search_term_string\"}}],\"inLanguage\":\"pl-PL\"},{\"@type\":[\"Person\",\"Organization\"],\"@id\":\"https:\\\/\\\/www.szczecin-apartments.rent\\\/#\\\/schema\\\/person\\\/1b38aa0966fbbc200e23dcf7051c1590\",\"name\":\"St\u00e9phane HERMET\",\"logo\":{\"@id\":\"https:\\\/\\\/www.szczecin-apartments.rent\\\/#\\\/schema\\\/person\\\/image\\\/\"}}]}<\/script>\n<!-- \/ Yoast SEO plugin. -->","yoast_head_json":{"title":"\u21d2 Wynajem Szczecin | Mieszkania na wynajem w Szczecinie","description":"Kawalerki \/ Mieszkania na wynajem w centrum Szczecina. Wynajem dla student\u00f3w, Erasmus,10 min od Szpitala Pomorzany. Wysoki standard.","robots":{"index":"index","follow":"follow","max-snippet":"max-snippet:-1","max-image-preview":"max-image-preview:large","max-video-preview":"max-video-preview:-1"},"canonical":"https:\/\/www.szczecin-apartments.rent\/pl\/","og_locale":"pl_PL","og_type":"article","og_title":"\u21d2 Wynajem Szczecin | Mieszkania na wynajem w Szczecinie","og_description":"Kawalerki \/ Mieszkania na wynajem w centrum Szczecina. Wynajem dla student\u00f3w, Erasmus,10 min od Szpitala Pomorzany. Wysoki standard.","og_url":"https:\/\/www.szczecin-apartments.rent\/pl\/","og_site_name":"Wynajem Szczecin","article_modified_time":"2026-03-21T19:45:59+00:00","og_image":[{"width":1632,"height":920,"url":"https:\/\/www.szczecin-apartments.rent\/wp-content\/uploads\/2016\/09\/location-szczecin-studio-11-1-living-kitchen.jpg","type":"image\/jpeg"}],"twitter_card":"summary_large_image","twitter_misc":{"Szacowany czas czytania":"1 minuta"},"schema":{"@context":"https:\/\/schema.org","@graph":[{"@type":"WebPage","@id":"https:\/\/www.szczecin-apartments.rent\/pl\/","url":"https:\/\/www.szczecin-apartments.rent\/pl\/","name":"\u21d2 Wynajem Szczecin | Mieszkania na wynajem w Szczecinie","isPartOf":{"@id":"https:\/\/www.szczecin-apartments.rent\/#website"},"datePublished":"2026-01-09T20:24:47+00:00","dateModified":"2026-03-21T19:45:59+00:00","description":"Kawalerki \/ Mieszkania na wynajem w centrum Szczecina. Wynajem dla student\u00f3w, Erasmus,10 min od Szpitala Pomorzany. Wysoki standard.","breadcrumb":{"@id":"https:\/\/www.szczecin-apartments.rent\/pl\/#breadcrumb"},"inLanguage":"pl-PL","potentialAction":[{"@type":"ReadAction","target":["https:\/\/www.szczecin-apartments.rent\/pl\/"]}]},{"@type":"BreadcrumbList","@id":"https:\/\/www.szczecin-apartments.rent\/pl\/#breadcrumb","itemListElement":[{"@type":"ListItem","position":1,"name":"Accueil","item":"https:\/\/www.szczecin-apartments.rent\/pl\/"},{"@type":"ListItem","position":2,"name":"Mieszkania dzielone lub kawalerki na wynajem w Szczecinie"}]},{"@type":"WebSite","@id":"https:\/\/www.szczecin-apartments.rent\/#website","url":"https:\/\/www.szczecin-apartments.rent\/","name":"Studend Flat Rental Szczecin","description":"Wynajem mieszka\u0144 w Szczecinie","publisher":{"@id":"https:\/\/www.szczecin-apartments.rent\/#\/schema\/person\/1b38aa0966fbbc200e23dcf7051c1590"},"potentialAction":[{"@type":"SearchAction","target":{"@type":"EntryPoint","urlTemplate":"https:\/\/www.szczecin-apartments.rent\/?s={search_term_string}"},"query-input":{"@type":"PropertyValueSpecification","valueRequired":true,"valueName":"search_term_string"}}],"inLanguage":"pl-PL"},{"@type":["Person","Organization"],"@id":"https:\/\/www.szczecin-apartments.rent\/#\/schema\/person\/1b38aa0966fbbc200e23dcf7051c1590","name":"St\u00e9phane HERMET","logo":{"@id":"https:\/\/www.szczecin-apartments.rent\/#\/schema\/person\/image\/"}}]}},"_links":{"self":[{"href":"https:\/\/www.szczecin-apartments.rent\/pl\/wp-json\/wp\/v2\/pages\/71","targetHints":{"allow":["GET"]}}],"collection":[{"href":"https:\/\/www.szczecin-apartments.rent\/pl\/wp-json\/wp\/v2\/pages"}],"about":[{"href":"https:\/\/www.szczecin-apartments.rent\/pl\/wp-json\/wp\/v2\/types\/page"}],"author":[{"embeddable":true,"href":"https:\/\/www.szczecin-apartments.rent\/pl\/wp-json\/wp\/v2\/users\/1"}],"replies":[{"embeddable":true,"href":"https:\/\/www.szczecin-apartments.rent\/pl\/wp-json\/wp\/v2\/comments?post=71"}],"version-history":[{"count":1,"href":"https:\/\/www.szczecin-apartments.rent\/pl\/wp-json\/wp\/v2\/pages\/71\/revisions"}],"predecessor-version":[{"id":3895,"href":"https:\/\/www.szczecin-apartments.rent\/pl\/wp-json\/wp\/v2\/pages\/71\/revisions\/3895"}],"wp:attachment":[{"href":"https:\/\/www.szczecin-apartments.rent\/pl\/wp-json\/wp\/v2\/media?parent=71"}],"wp:term":[{"taxonomy":"post_tag","embeddable":true,"href":"https:\/\/www.szczecin-apartments.rent\/pl\/wp-json\/wp\/v2\/tags?post=71"}],"curies":[{"name":"wp","href":"https:\/\/api.w.org\/{rel}","templated":true}]}}