{"id":69,"date":"2026-03-21T18:23:06","date_gmt":"2026-03-21T17:23:06","guid":{"rendered":"https:\/\/www.szczecin-apartments.rent\/fr\/?page_id=69"},"modified":"2026-03-21T20:51:29","modified_gmt":"2026-03-21T19:51:29","slug":"appartements-en-location-szczecin","status":"publish","type":"page","link":"https:\/\/www.szczecin-apartments.rent\/fr\/","title":{"rendered":"Colocations ou Appartements en location \u00e0 Szczecin"},"content":{"rendered":"<h2>Locations \u00e0 l&rsquo;ann\u00e9e \u00e0 Szczecin<\/h2>\n<p>Appartements \u00e0 louer, <strong>du studio au 2 pi\u00e8ces ou encore colocation<\/strong>, dans le <strong>centre de Szczecin<\/strong>, Pologne. En ce sens, ces locations \u00e0 l&rsquo;ann\u00e9e sont id\u00e9ales pour les \u00e9tudiants (m\u00e9decine), Erasmus&#8230; et bien s\u00fbr compl\u00e8tement diff\u00e9rentes des r\u00e9sidences universitaires !<\/p>\n<p>Il est \u00e0 noter que ces appartements sont situ\u00e9s entre 50m et 200m des arr\u00eats de tram\/bus qui desservent directement en 10 min la facult\u00e9 de m\u00e9decine (Pomorski Uniwersytet Medyczny &#8211; PUM) et l&rsquo;h\u00f4pital Pomorzany.<\/p>\n<p><strong>Enti\u00e8rement neufs<\/strong>, tr\u00e8s lumineux et \u00e9quip\u00e9s des meilleures marques d&rsquo;\u00e9lectrom\u00e9nager, ces logements \u00e9tudiants sont tous situ\u00e9s dans des immeubles du m\u00eame quartier. En r\u00e9alit\u00e9, cela permet d&rsquo;avoir une exp\u00e9rience de colocation tout en restant ind\u00e9pendant.<\/p>\n<p>Au cas o\u00f9 vous pr\u00e9f\u00e9reriez avoir des <strong>colocataires et partager un logement<\/strong>, un grand appartement neuf de 100m\u00b2 avec 3 chambres est disponible. Il est <strong>situ\u00e9 dans le m\u00eame immeuble que plusieurs appartements<\/strong>\u00a0!<\/p>\n","protected":false},"excerpt":{"rendered":"<p>Locations \u00e0 l&rsquo;ann\u00e9e \u00e0 Szczecin Appartements \u00e0 louer, du studio au 2 pi\u00e8ces ou encore colocation, dans le centre de Szczecin, Pologne. En ce sens, ces locations \u00e0 l&rsquo;ann\u00e9e sont <a class=\"more-link\" href=\"https:\/\/www.szczecin-apartments.rent\/fr\/\">En savoir plus&#8230;<\/a><\/p>\n","protected":false},"author":1,"featured_media":0,"parent":0,"menu_order":0,"comment_status":"closed","ping_status":"closed","template":"","meta":{"footnotes":""},"tags":[],"class_list":["post-69","page","type-page","status-publish","hentry"],"yoast_head":"<!-- This site is optimized with the Yoast SEO plugin v27.3 - https:\/\/yoast.com\/product\/yoast-seo-wordpress\/ -->\n<title>\u21d2 Szczecin Location | Pour \u00e9tudiants, apparts \u00e0 louer \u00e0 Szczecin<\/title>\n<meta name=\"description\" content=\"Colocation \/ Studios \/ Appartements \u00e0 louer dans Szczecin centre. Location id\u00e9ale pour \u00e9tudiants ou Erasmus, \u00e0 10 min de l&#039;h\u00f4pital Pomorzany.\" \/>\n<meta name=\"robots\" content=\"index, follow, max-snippet:-1, max-image-preview:large, max-video-preview:-1\" \/>\n<link rel=\"canonical\" href=\"https:\/\/www.szczecin-apartments.rent\/fr\/\" \/>\n<meta property=\"og:locale\" content=\"fr_FR\" \/>\n<meta property=\"og:type\" content=\"article\" \/>\n<meta property=\"og:title\" content=\"\u21d2 Szczecin Location | Pour \u00e9tudiants, apparts \u00e0 louer \u00e0 Szczecin\" \/>\n<meta property=\"og:description\" content=\"Colocation \/ Studios \/ Appartements \u00e0 louer dans Szczecin centre. Location id\u00e9ale pour \u00e9tudiants ou Erasmus, \u00e0 10 min de l&#039;h\u00f4pital Pomorzany.\" \/>\n<meta property=\"og:url\" content=\"https:\/\/www.szczecin-apartments.rent\/fr\/\" \/>\n<meta property=\"og:site_name\" content=\"Louer \u00e0 Szczecin\" \/>\n<meta property=\"article:modified_time\" content=\"2026-03-21T19:51:29+00:00\" \/>\n<meta property=\"og:image\" content=\"https:\/\/www.szczecin-apartments.rent\/wp-content\/uploads\/2016\/09\/location-szczecin-studio-11-1-living-kitchen.jpg\" \/>\n\t<meta property=\"og:image:width\" content=\"1632\" \/>\n\t<meta property=\"og:image:height\" content=\"920\" \/>\n\t<meta property=\"og:image:type\" content=\"image\/jpeg\" \/>\n<meta name=\"twitter:card\" content=\"summary_large_image\" \/>\n<meta name=\"twitter:label1\" content=\"Dur\u00e9e de lecture estim\u00e9e\" \/>\n\t<meta name=\"twitter:data1\" content=\"1 minute\" \/>\n<script type=\"application\/ld+json\" class=\"yoast-schema-graph\">{\"@context\":\"https:\\\/\\\/schema.org\",\"@graph\":[{\"@type\":\"WebPage\",\"@id\":\"https:\\\/\\\/www.szczecin-apartments.rent\\\/fr\\\/\",\"url\":\"https:\\\/\\\/www.szczecin-apartments.rent\\\/fr\\\/\",\"name\":\"\u21d2 Szczecin Location | Pour \u00e9tudiants, apparts \u00e0 louer \u00e0 Szczecin\",\"isPartOf\":{\"@id\":\"https:\\\/\\\/www.szczecin-apartments.rent\\\/#website\"},\"datePublished\":\"2026-03-21T17:23:06+00:00\",\"dateModified\":\"2026-03-21T19:51:29+00:00\",\"description\":\"Colocation \\\/ Studios \\\/ Appartements \u00e0 louer dans Szczecin centre. Location id\u00e9ale pour \u00e9tudiants ou Erasmus, \u00e0 10 min de l'h\u00f4pital Pomorzany.\",\"breadcrumb\":{\"@id\":\"https:\\\/\\\/www.szczecin-apartments.rent\\\/fr\\\/#breadcrumb\"},\"inLanguage\":\"fr-FR\",\"potentialAction\":[{\"@type\":\"ReadAction\",\"target\":[\"https:\\\/\\\/www.szczecin-apartments.rent\\\/fr\\\/\"]}]},{\"@type\":\"BreadcrumbList\",\"@id\":\"https:\\\/\\\/www.szczecin-apartments.rent\\\/fr\\\/#breadcrumb\",\"itemListElement\":[{\"@type\":\"ListItem\",\"position\":1,\"name\":\"Accueil\",\"item\":\"https:\\\/\\\/www.szczecin-apartments.rent\\\/fr\\\/\"},{\"@type\":\"ListItem\",\"position\":2,\"name\":\"Colocations ou Appartements en location \u00e0 Szczecin\"}]},{\"@type\":\"WebSite\",\"@id\":\"https:\\\/\\\/www.szczecin-apartments.rent\\\/#website\",\"url\":\"https:\\\/\\\/www.szczecin-apartments.rent\\\/\",\"name\":\"Studend Flat Rental Szczecin\",\"description\":\"Location d&#039;appartements pour \u00e9tudiants \u00e0 Szczecin\",\"publisher\":{\"@id\":\"https:\\\/\\\/www.szczecin-apartments.rent\\\/#\\\/schema\\\/person\\\/1b38aa0966fbbc200e23dcf7051c1590\"},\"potentialAction\":[{\"@type\":\"SearchAction\",\"target\":{\"@type\":\"EntryPoint\",\"urlTemplate\":\"https:\\\/\\\/www.szczecin-apartments.rent\\\/?s={search_term_string}\"},\"query-input\":{\"@type\":\"PropertyValueSpecification\",\"valueRequired\":true,\"valueName\":\"search_term_string\"}}],\"inLanguage\":\"fr-FR\"},{\"@type\":[\"Person\",\"Organization\"],\"@id\":\"https:\\\/\\\/www.szczecin-apartments.rent\\\/#\\\/schema\\\/person\\\/1b38aa0966fbbc200e23dcf7051c1590\",\"name\":\"St\u00e9phane HERMET\",\"logo\":{\"@id\":\"https:\\\/\\\/www.szczecin-apartments.rent\\\/#\\\/schema\\\/person\\\/image\\\/\"}}]}<\/script>\n<!-- \/ Yoast SEO plugin. -->","yoast_head_json":{"title":"\u21d2 Szczecin Location | Pour \u00e9tudiants, apparts \u00e0 louer \u00e0 Szczecin","description":"Colocation \/ Studios \/ Appartements \u00e0 louer dans Szczecin centre. Location id\u00e9ale pour \u00e9tudiants ou Erasmus, \u00e0 10 min de l'h\u00f4pital Pomorzany.","robots":{"index":"index","follow":"follow","max-snippet":"max-snippet:-1","max-image-preview":"max-image-preview:large","max-video-preview":"max-video-preview:-1"},"canonical":"https:\/\/www.szczecin-apartments.rent\/fr\/","og_locale":"fr_FR","og_type":"article","og_title":"\u21d2 Szczecin Location | Pour \u00e9tudiants, apparts \u00e0 louer \u00e0 Szczecin","og_description":"Colocation \/ Studios \/ Appartements \u00e0 louer dans Szczecin centre. Location id\u00e9ale pour \u00e9tudiants ou Erasmus, \u00e0 10 min de l'h\u00f4pital Pomorzany.","og_url":"https:\/\/www.szczecin-apartments.rent\/fr\/","og_site_name":"Louer \u00e0 Szczecin","article_modified_time":"2026-03-21T19:51:29+00:00","og_image":[{"width":1632,"height":920,"url":"https:\/\/www.szczecin-apartments.rent\/wp-content\/uploads\/2016\/09\/location-szczecin-studio-11-1-living-kitchen.jpg","type":"image\/jpeg"}],"twitter_card":"summary_large_image","twitter_misc":{"Dur\u00e9e de lecture estim\u00e9e":"1 minute"},"schema":{"@context":"https:\/\/schema.org","@graph":[{"@type":"WebPage","@id":"https:\/\/www.szczecin-apartments.rent\/fr\/","url":"https:\/\/www.szczecin-apartments.rent\/fr\/","name":"\u21d2 Szczecin Location | Pour \u00e9tudiants, apparts \u00e0 louer \u00e0 Szczecin","isPartOf":{"@id":"https:\/\/www.szczecin-apartments.rent\/#website"},"datePublished":"2026-03-21T17:23:06+00:00","dateModified":"2026-03-21T19:51:29+00:00","description":"Colocation \/ Studios \/ Appartements \u00e0 louer dans Szczecin centre. Location id\u00e9ale pour \u00e9tudiants ou Erasmus, \u00e0 10 min de l'h\u00f4pital Pomorzany.","breadcrumb":{"@id":"https:\/\/www.szczecin-apartments.rent\/fr\/#breadcrumb"},"inLanguage":"fr-FR","potentialAction":[{"@type":"ReadAction","target":["https:\/\/www.szczecin-apartments.rent\/fr\/"]}]},{"@type":"BreadcrumbList","@id":"https:\/\/www.szczecin-apartments.rent\/fr\/#breadcrumb","itemListElement":[{"@type":"ListItem","position":1,"name":"Accueil","item":"https:\/\/www.szczecin-apartments.rent\/fr\/"},{"@type":"ListItem","position":2,"name":"Colocations ou Appartements en location \u00e0 Szczecin"}]},{"@type":"WebSite","@id":"https:\/\/www.szczecin-apartments.rent\/#website","url":"https:\/\/www.szczecin-apartments.rent\/","name":"Studend Flat Rental Szczecin","description":"Location d&#039;appartements pour \u00e9tudiants \u00e0 Szczecin","publisher":{"@id":"https:\/\/www.szczecin-apartments.rent\/#\/schema\/person\/1b38aa0966fbbc200e23dcf7051c1590"},"potentialAction":[{"@type":"SearchAction","target":{"@type":"EntryPoint","urlTemplate":"https:\/\/www.szczecin-apartments.rent\/?s={search_term_string}"},"query-input":{"@type":"PropertyValueSpecification","valueRequired":true,"valueName":"search_term_string"}}],"inLanguage":"fr-FR"},{"@type":["Person","Organization"],"@id":"https:\/\/www.szczecin-apartments.rent\/#\/schema\/person\/1b38aa0966fbbc200e23dcf7051c1590","name":"St\u00e9phane HERMET","logo":{"@id":"https:\/\/www.szczecin-apartments.rent\/#\/schema\/person\/image\/"}}]}},"_links":{"self":[{"href":"https:\/\/www.szczecin-apartments.rent\/fr\/wp-json\/wp\/v2\/pages\/69","targetHints":{"allow":["GET"]}}],"collection":[{"href":"https:\/\/www.szczecin-apartments.rent\/fr\/wp-json\/wp\/v2\/pages"}],"about":[{"href":"https:\/\/www.szczecin-apartments.rent\/fr\/wp-json\/wp\/v2\/types\/page"}],"author":[{"embeddable":true,"href":"https:\/\/www.szczecin-apartments.rent\/fr\/wp-json\/wp\/v2\/users\/1"}],"replies":[{"embeddable":true,"href":"https:\/\/www.szczecin-apartments.rent\/fr\/wp-json\/wp\/v2\/comments?post=69"}],"version-history":[{"count":1,"href":"https:\/\/www.szczecin-apartments.rent\/fr\/wp-json\/wp\/v2\/pages\/69\/revisions"}],"predecessor-version":[{"id":3905,"href":"https:\/\/www.szczecin-apartments.rent\/fr\/wp-json\/wp\/v2\/pages\/69\/revisions\/3905"}],"wp:attachment":[{"href":"https:\/\/www.szczecin-apartments.rent\/fr\/wp-json\/wp\/v2\/media?parent=69"}],"wp:term":[{"taxonomy":"post_tag","embeddable":true,"href":"https:\/\/www.szczecin-apartments.rent\/fr\/wp-json\/wp\/v2\/tags?post=69"}],"curies":[{"name":"wp","href":"https:\/\/api.w.org\/{rel}","templated":true}]}}