{"id":267,"date":"2026-03-12T14:01:37","date_gmt":"2026-03-12T13:01:37","guid":{"rendered":"https:\/\/www.szczecin-apartments.rent\/fr\/?page_id=267"},"modified":"2026-03-21T20:52:48","modified_gmt":"2026-03-21T19:52:48","slug":"contact","status":"publish","type":"page","link":"https:\/\/www.szczecin-apartments.rent\/fr\/contact\/","title":{"rendered":"Contact"},"content":{"rendered":"<p>Si vous \u00eates int\u00e9ress\u00e9(e) par un des <a href=\"https:\/\/www.szczecin-apartments.rent\/fr\/\">appartements<\/a>, le contact peut se faire aussi bien en fran\u00e7ais, en anglais ou en polonais\u00a0:<\/p>\n\n<div class=\"wpcf7 no-js\" id=\"wpcf7-f1605-o1\" lang=\"fr-FR\" dir=\"ltr\" data-wpcf7-id=\"1605\">\n<div class=\"screen-reader-response\"><p role=\"status\" aria-live=\"polite\" aria-atomic=\"true\"><\/p> <ul><\/ul><\/div>\n<form action=\"\/fr\/wp-json\/wp\/v2\/pages\/267#wpcf7-f1605-o1\" method=\"post\" class=\"wpcf7-form init\" aria-label=\"Formulaire de contact\" novalidate=\"novalidate\" data-status=\"init\">\n<fieldset class=\"hidden-fields-container\"><input type=\"hidden\" name=\"_wpcf7\" value=\"1605\" \/><input type=\"hidden\" name=\"_wpcf7_version\" value=\"6.1.5\" \/><input type=\"hidden\" name=\"_wpcf7_locale\" value=\"fr_FR\" \/><input type=\"hidden\" name=\"_wpcf7_unit_tag\" value=\"wpcf7-f1605-o1\" \/><input type=\"hidden\" name=\"_wpcf7_container_post\" value=\"0\" \/><input type=\"hidden\" name=\"_wpcf7_posted_data_hash\" value=\"\" \/><input type=\"hidden\" name=\"_wpcf7_recaptcha_response\" value=\"\" \/>\n<\/fieldset>\n<p><label> Votre nom (obligatoire)<br \/>\n<span class=\"wpcf7-form-control-wrap\" data-name=\"your-name\"><input size=\"40\" maxlength=\"400\" class=\"wpcf7-form-control wpcf7-text wpcf7-validates-as-required\" aria-required=\"true\" aria-invalid=\"false\" value=\"\" type=\"text\" name=\"your-name\" \/><\/span> <\/label>\n<\/p>\n<p><label> Votre e-mail (obligatoire)<br \/>\n<span class=\"wpcf7-form-control-wrap\" data-name=\"your-email\"><input size=\"40\" maxlength=\"400\" class=\"wpcf7-form-control wpcf7-email wpcf7-validates-as-required wpcf7-text wpcf7-validates-as-email\" aria-required=\"true\" aria-invalid=\"false\" value=\"\" type=\"email\" name=\"your-email\" \/><\/span> <\/label>\n<\/p>\n<p><label> Confirmez votre e-mail (obligatoire)<br \/>\n<span class=\"wpcf7-form-control-wrap confirm_email\"><input size=\"40\" class=\"wpcf7-form-control wpcf7-confirm_email wpcf7-validates-as-required wpcf7-validates-as-confirm_email\" aria-required=\"true\" aria-invalid=\"false\" value=\"\" type=\"confirm_email\" name=\"confirm_email\" \/><\/span><\/label>\n<\/p>\n<p><label> Chambre \/ Appart qui vous int\u00e9resse (obligatoire)<br \/>\n<span class=\"wpcf7-form-control-wrap\" data-name=\"interested-flat\"><select class=\"wpcf7-form-control wpcf7-select wpcf7-validates-as-required\" aria-required=\"true\" aria-invalid=\"false\" name=\"interested-flat\"><option value=\"\">\u2014 Choisir une option \u2014<\/option><option value=\"Studio \u2014 32m\u00b2 (#11)\">Studio \u2014 32m\u00b2 (#11)<\/option><option value=\"Studio \u2014 32m\u00b2 (#12)\">Studio \u2014 32m\u00b2 (#12)<\/option><option value=\"Studio \u2014 34m\u00b2 (#13)\">Studio \u2014 34m\u00b2 (#13)<\/option><option value=\"Studio \u2014 35m\u00b2 (#22)\">Studio \u2014 35m\u00b2 (#22)<\/option><option value=\"Colocation \u2014 Chambre 24m\u00b2 (#8.1)\">Colocation \u2014 Chambre 24m\u00b2 (#8.1)<\/option><option value=\"Colocation \u2014 Chambre 26m\u00b2 (#8.2)\">Colocation \u2014 Chambre 26m\u00b2 (#8.2)<\/option><option value=\"Colocation \u2014 Chambre 20m\u00b2 (#8.3)\">Colocation \u2014 Chambre 20m\u00b2 (#8.3)<\/option><option value=\"2 pi\u00e8ces \u2014 36 m\u00b2 (#8a)\">2 pi\u00e8ces \u2014 36 m\u00b2 (#8a)<\/option><option value=\"2 pi\u00e8ces \u2014 36 m\u00b2 (#8e)\">2 pi\u00e8ces \u2014 36 m\u00b2 (#8e)<\/option><option value=\"2 pi\u00e8ces \u2014 35 m\u00b2 (#8j)\">2 pi\u00e8ces \u2014 35 m\u00b2 (#8j)<\/option><option value=\"2 pi\u00e8ces \u2014 42 m\u00b2 (#14)\">2 pi\u00e8ces \u2014 42 m\u00b2 (#14)<\/option><option value=\"Autre question \/ remarque\">Autre question \/ remarque<\/option><\/select><\/span><br \/>\n<\/label>\n<\/p>\n<p><label> Sujet<br \/>\n<span class=\"wpcf7-form-control-wrap\" data-name=\"your-subject\"><input size=\"40\" maxlength=\"400\" class=\"wpcf7-form-control wpcf7-text wpcf7-validates-as-required\" aria-required=\"true\" aria-invalid=\"false\" value=\"\" type=\"text\" name=\"your-subject\" \/><\/span> <\/label>\n<\/p>\n<p><label> Votre message<br \/>\n<span class=\"wpcf7-form-control-wrap\" data-name=\"your-message\"><textarea cols=\"40\" rows=\"10\" maxlength=\"2000\" class=\"wpcf7-form-control wpcf7-textarea wpcf7-validates-as-required\" aria-required=\"true\" aria-invalid=\"false\" name=\"your-message\"><\/textarea><\/span> <\/label>\n<\/p>\n<p><input class=\"wpcf7-form-control wpcf7-submit has-spinner\" type=\"submit\" value=\"Envoyer\" \/>\n<\/p><div class=\"wpcf7-response-output\" aria-hidden=\"true\"><\/div>\n<\/form>\n<\/div>\n\n","protected":false},"excerpt":{"rendered":"<p>Si vous \u00eates int\u00e9ress\u00e9(e) par un des appartements, le contact peut se faire aussi bien en fran\u00e7ais, en anglais ou en polonais\u00a0:<\/p>\n","protected":false},"author":1,"featured_media":0,"parent":0,"menu_order":0,"comment_status":"closed","ping_status":"closed","template":"","meta":{"footnotes":""},"tags":[],"class_list":["post-267","page","type-page","status-publish","hentry"],"yoast_head":"<!-- This site is optimized with the Yoast SEO plugin v27.3 - https:\/\/yoast.com\/product\/yoast-seo-wordpress\/ -->\n<title>\u21d2 Szczecin Location | Formulaire de contact<\/title>\n<meta name=\"description\" content=\"Contactez-nous pour toute demande d&#039;informations sur les appartements \u00e0 louer \u00e0 Szczecin centre pour, par exemple, les \u00e9tudiants en m\u00e9decine.\" \/>\n<meta name=\"robots\" content=\"index, follow, max-snippet:-1, max-image-preview:large, max-video-preview:-1\" \/>\n<link rel=\"canonical\" href=\"https:\/\/www.szczecin-apartments.rent\/fr\/contact\/\" \/>\n<meta property=\"og:locale\" content=\"fr_FR\" \/>\n<meta property=\"og:type\" content=\"article\" \/>\n<meta property=\"og:title\" content=\"\u21d2 Szczecin Location | Formulaire de contact\" \/>\n<meta property=\"og:description\" content=\"Contactez-nous pour toute demande d&#039;informations sur les appartements \u00e0 louer \u00e0 Szczecin centre pour, par exemple, les \u00e9tudiants en m\u00e9decine.\" \/>\n<meta property=\"og:url\" content=\"https:\/\/www.szczecin-apartments.rent\/fr\/contact\/\" \/>\n<meta property=\"og:site_name\" content=\"Louer \u00e0 Szczecin\" \/>\n<meta property=\"article:modified_time\" content=\"2026-03-21T19:52:48+00:00\" \/>\n<meta property=\"og:image\" content=\"https:\/\/www.szczecin-apartments.rent\/wp-content\/uploads\/2016\/09\/location-szczecin-studio-11-1-living-kitchen.jpg\" \/>\n\t<meta property=\"og:image:width\" content=\"1632\" \/>\n\t<meta property=\"og:image:height\" content=\"920\" \/>\n\t<meta property=\"og:image:type\" content=\"image\/jpeg\" \/>\n<meta name=\"twitter:card\" content=\"summary_large_image\" \/>\n<script type=\"application\/ld+json\" class=\"yoast-schema-graph\">{\"@context\":\"https:\\\/\\\/schema.org\",\"@graph\":[{\"@type\":\"WebPage\",\"@id\":\"https:\\\/\\\/www.szczecin-apartments.rent\\\/fr\\\/contact\\\/\",\"url\":\"https:\\\/\\\/www.szczecin-apartments.rent\\\/fr\\\/contact\\\/\",\"name\":\"\u21d2 Szczecin Location | Formulaire de contact\",\"isPartOf\":{\"@id\":\"https:\\\/\\\/www.szczecin-apartments.rent\\\/#website\"},\"datePublished\":\"2026-03-12T13:01:37+00:00\",\"dateModified\":\"2026-03-21T19:52:48+00:00\",\"description\":\"Contactez-nous pour toute demande d'informations sur les appartements \u00e0 louer \u00e0 Szczecin centre pour, par exemple, les \u00e9tudiants en m\u00e9decine.\",\"breadcrumb\":{\"@id\":\"https:\\\/\\\/www.szczecin-apartments.rent\\\/fr\\\/contact\\\/#breadcrumb\"},\"inLanguage\":\"fr-FR\",\"potentialAction\":[{\"@type\":\"ReadAction\",\"target\":[\"https:\\\/\\\/www.szczecin-apartments.rent\\\/fr\\\/contact\\\/\"]}]},{\"@type\":\"BreadcrumbList\",\"@id\":\"https:\\\/\\\/www.szczecin-apartments.rent\\\/fr\\\/contact\\\/#breadcrumb\",\"itemListElement\":[{\"@type\":\"ListItem\",\"position\":1,\"name\":\"Accueil\",\"item\":\"https:\\\/\\\/www.szczecin-apartments.rent\\\/fr\\\/\"},{\"@type\":\"ListItem\",\"position\":2,\"name\":\"Contact\"}]},{\"@type\":\"WebSite\",\"@id\":\"https:\\\/\\\/www.szczecin-apartments.rent\\\/#website\",\"url\":\"https:\\\/\\\/www.szczecin-apartments.rent\\\/\",\"name\":\"Studend Flat Rental Szczecin\",\"description\":\"Location d&#039;appartements pour \u00e9tudiants \u00e0 Szczecin\",\"publisher\":{\"@id\":\"https:\\\/\\\/www.szczecin-apartments.rent\\\/#\\\/schema\\\/person\\\/1b38aa0966fbbc200e23dcf7051c1590\"},\"potentialAction\":[{\"@type\":\"SearchAction\",\"target\":{\"@type\":\"EntryPoint\",\"urlTemplate\":\"https:\\\/\\\/www.szczecin-apartments.rent\\\/?s={search_term_string}\"},\"query-input\":{\"@type\":\"PropertyValueSpecification\",\"valueRequired\":true,\"valueName\":\"search_term_string\"}}],\"inLanguage\":\"fr-FR\"},{\"@type\":[\"Person\",\"Organization\"],\"@id\":\"https:\\\/\\\/www.szczecin-apartments.rent\\\/#\\\/schema\\\/person\\\/1b38aa0966fbbc200e23dcf7051c1590\",\"name\":\"St\u00e9phane HERMET\",\"logo\":{\"@id\":\"https:\\\/\\\/www.szczecin-apartments.rent\\\/#\\\/schema\\\/person\\\/image\\\/\"}}]}<\/script>\n<!-- \/ Yoast SEO plugin. -->","yoast_head_json":{"title":"\u21d2 Szczecin Location | Formulaire de contact","description":"Contactez-nous pour toute demande d'informations sur les appartements \u00e0 louer \u00e0 Szczecin centre pour, par exemple, les \u00e9tudiants en m\u00e9decine.","robots":{"index":"index","follow":"follow","max-snippet":"max-snippet:-1","max-image-preview":"max-image-preview:large","max-video-preview":"max-video-preview:-1"},"canonical":"https:\/\/www.szczecin-apartments.rent\/fr\/contact\/","og_locale":"fr_FR","og_type":"article","og_title":"\u21d2 Szczecin Location | Formulaire de contact","og_description":"Contactez-nous pour toute demande d'informations sur les appartements \u00e0 louer \u00e0 Szczecin centre pour, par exemple, les \u00e9tudiants en m\u00e9decine.","og_url":"https:\/\/www.szczecin-apartments.rent\/fr\/contact\/","og_site_name":"Louer \u00e0 Szczecin","article_modified_time":"2026-03-21T19:52:48+00:00","og_image":[{"width":1632,"height":920,"url":"https:\/\/www.szczecin-apartments.rent\/wp-content\/uploads\/2016\/09\/location-szczecin-studio-11-1-living-kitchen.jpg","type":"image\/jpeg"}],"twitter_card":"summary_large_image","schema":{"@context":"https:\/\/schema.org","@graph":[{"@type":"WebPage","@id":"https:\/\/www.szczecin-apartments.rent\/fr\/contact\/","url":"https:\/\/www.szczecin-apartments.rent\/fr\/contact\/","name":"\u21d2 Szczecin Location | Formulaire de contact","isPartOf":{"@id":"https:\/\/www.szczecin-apartments.rent\/#website"},"datePublished":"2026-03-12T13:01:37+00:00","dateModified":"2026-03-21T19:52:48+00:00","description":"Contactez-nous pour toute demande d'informations sur les appartements \u00e0 louer \u00e0 Szczecin centre pour, par exemple, les \u00e9tudiants en m\u00e9decine.","breadcrumb":{"@id":"https:\/\/www.szczecin-apartments.rent\/fr\/contact\/#breadcrumb"},"inLanguage":"fr-FR","potentialAction":[{"@type":"ReadAction","target":["https:\/\/www.szczecin-apartments.rent\/fr\/contact\/"]}]},{"@type":"BreadcrumbList","@id":"https:\/\/www.szczecin-apartments.rent\/fr\/contact\/#breadcrumb","itemListElement":[{"@type":"ListItem","position":1,"name":"Accueil","item":"https:\/\/www.szczecin-apartments.rent\/fr\/"},{"@type":"ListItem","position":2,"name":"Contact"}]},{"@type":"WebSite","@id":"https:\/\/www.szczecin-apartments.rent\/#website","url":"https:\/\/www.szczecin-apartments.rent\/","name":"Studend Flat Rental Szczecin","description":"Location d&#039;appartements pour \u00e9tudiants \u00e0 Szczecin","publisher":{"@id":"https:\/\/www.szczecin-apartments.rent\/#\/schema\/person\/1b38aa0966fbbc200e23dcf7051c1590"},"potentialAction":[{"@type":"SearchAction","target":{"@type":"EntryPoint","urlTemplate":"https:\/\/www.szczecin-apartments.rent\/?s={search_term_string}"},"query-input":{"@type":"PropertyValueSpecification","valueRequired":true,"valueName":"search_term_string"}}],"inLanguage":"fr-FR"},{"@type":["Person","Organization"],"@id":"https:\/\/www.szczecin-apartments.rent\/#\/schema\/person\/1b38aa0966fbbc200e23dcf7051c1590","name":"St\u00e9phane HERMET","logo":{"@id":"https:\/\/www.szczecin-apartments.rent\/#\/schema\/person\/image\/"}}]}},"_links":{"self":[{"href":"https:\/\/www.szczecin-apartments.rent\/fr\/wp-json\/wp\/v2\/pages\/267","targetHints":{"allow":["GET"]}}],"collection":[{"href":"https:\/\/www.szczecin-apartments.rent\/fr\/wp-json\/wp\/v2\/pages"}],"about":[{"href":"https:\/\/www.szczecin-apartments.rent\/fr\/wp-json\/wp\/v2\/types\/page"}],"author":[{"embeddable":true,"href":"https:\/\/www.szczecin-apartments.rent\/fr\/wp-json\/wp\/v2\/users\/1"}],"replies":[{"embeddable":true,"href":"https:\/\/www.szczecin-apartments.rent\/fr\/wp-json\/wp\/v2\/comments?post=267"}],"version-history":[{"count":1,"href":"https:\/\/www.szczecin-apartments.rent\/fr\/wp-json\/wp\/v2\/pages\/267\/revisions"}],"predecessor-version":[{"id":3910,"href":"https:\/\/www.szczecin-apartments.rent\/fr\/wp-json\/wp\/v2\/pages\/267\/revisions\/3910"}],"wp:attachment":[{"href":"https:\/\/www.szczecin-apartments.rent\/fr\/wp-json\/wp\/v2\/media?parent=267"}],"wp:term":[{"taxonomy":"post_tag","embeddable":true,"href":"https:\/\/www.szczecin-apartments.rent\/fr\/wp-json\/wp\/v2\/tags?post=267"}],"curies":[{"name":"wp","href":"https:\/\/api.w.org\/{rel}","templated":true}]}}