{"id":263,"date":"2026-03-12T14:59:34","date_gmt":"2026-03-12T13:59:34","guid":{"rendered":"https:\/\/www.szczecin-apartments.rent\/fr\/?page_id=263"},"modified":"2026-03-21T20:25:01","modified_gmt":"2026-03-21T19:25:01","slug":"infos-utiles-faq","status":"publish","type":"page","link":"https:\/\/www.szczecin-apartments.rent\/fr\/infos-utiles-faq\/","title":{"rendered":"Infos utiles \/ FAQ"},"content":{"rendered":"<p>Voici quelques infos utiles aux questions que vous pouvez vous poser :<\/p>\n<h3>&#8211; Comment puis-je acc\u00e9der \u00e0 l&rsquo;H\u00f4pital Pomorzany ?<\/h3>\n<p>Les appartements sont situ\u00e9s dans le centre de Szczecin et sont entre 50 et 200m des stations de tramway. De l\u00e0, 3 lignes de tramway (4 \/ 11 \/ 12) desservent <strong>directement l&rsquo;H\u00f4pital de Pomorzany en 10 min.<\/strong> La fr\u00e9quence des tramways est d&rsquo;environ toutes les 3 min la journ\u00e9e et toutes les 10 min en soir\u00e9e.<br \/>\nRegardez sur la carte Google et n&rsquo;h\u00e9sitez pas \u00e0 cliquer sur les petits signets rouges.<\/p>\n\n<p>&nbsp;<\/p>\n<h3>&#8211; Pourquoi les charges sont si peu ch\u00e8res compar\u00e9es aux autres appartements ?<\/h3>\n<p>En fait, c&rsquo;est plut\u00f4t l&rsquo;inverse qui se produit, les charges de ces appartements sont normales.<br \/>\nLes charges correspondent exactement aux co\u00fbts r\u00e9els tels qu&rsquo;ils sont factur\u00e9s par l&rsquo;administration de l&rsquo;immeuble et couvrent eau, eaux us\u00e9es, d\u00e9chets, \u00e9clairage des parties communes, m\u00e9nage, &#8230;<\/p>\n<h3>&#8211; Pourquoi est-ce que je dois payer 2 mois de d\u00e9p\u00f4t de garantie et qu&rsquo;est-ce que cela couvre ?<\/h3>\n<p>Certains loueurs ne prennent qu&rsquo;un mois de garantie, mais leurs appartements ne sont pas \u00e9quip\u00e9s des m\u00eames appareils&#8230; Par exemple, le t\u00e9l\u00e9viseur \u00e0 \u00e9cran plat qui \u00e9quipe nos appartements co\u00fbte plus cher qu&rsquo;un mois de loyer !<br \/>\nLe d\u00e9p\u00f4t de garantie couvre toutes les \u00e9ventuelles d\u00e9gradations qui pourraient survenir lors de la location. En r\u00e9sum\u00e9, si la t\u00e9l\u00e9 tombe en panne, elle sera r\u00e9par\u00e9e pour vous. Par contre, si elle a re\u00e7u quelques coups de marteau, c&rsquo;est l\u00e0 que le d\u00e9p\u00f4t de garantie entre en jeu.<br \/>\nSi tout se passe bien et qu&rsquo;il n&rsquo;y a aucune d\u00e9gradation, votre caution vous est rendue en fin de location.<\/p>\n<h3>&#8211; Et les contrats avec les diff\u00e9rentes compagnies d&rsquo;\u00e9lectricit\u00e9, de gaz, d&rsquo;eau ou internet ?<\/h3>\n<p>Vous n&rsquo;avez pas \u00e0 vous inqui\u00e9ter de \u00e7a, cela a d\u00e9j\u00e0 \u00e9t\u00e9 fait pour les diff\u00e9rents appartements. Il vous sera simplement remis \u00e0 chaque fois une facture pour \u00eatre s\u00fbr que ce que vous payez correspond \u00e0 ce que vous avez consomm\u00e9.<\/p>\n<h3>&#8211; Quels sont tous les \u00e9quipements pr\u00e9sents et o\u00f9 puis-je avoir les notices ?<\/h3>\n<p>Toutes les notices, dans toutes les langues disponibles, se retrouvent <a href=\"https:\/\/www.szczecin-apartments.rent\/fr\/telechargement-manuels-dutilisation\/\">sur cette page<\/a>\u00a0(un code est n\u00e9cessaire et vous sera donn\u00e9 \u00e0 l&rsquo;arriv\u00e9e).<\/p>\n<p>&nbsp;<\/p>\n<p><strong>Vous cherchez d&rsquo;autres infos qui ne sont pas dans cette page, voici comment <a href=\"https:\/\/www.szczecin-apartments.rent\/fr\/contact\/\">prendre contact<\/a>.<\/strong><\/p>\n","protected":false},"excerpt":{"rendered":"<p>Voici quelques infos utiles aux questions que vous pouvez vous poser : &#8211; Comment puis-je acc\u00e9der \u00e0 l&rsquo;H\u00f4pital Pomorzany ? Les appartements sont situ\u00e9s dans le centre de Szczecin et <a class=\"more-link\" href=\"https:\/\/www.szczecin-apartments.rent\/fr\/infos-utiles-faq\/\">En savoir plus&#8230;<\/a><\/p>\n","protected":false},"author":1,"featured_media":0,"parent":0,"menu_order":0,"comment_status":"closed","ping_status":"closed","template":"","meta":{"footnotes":""},"tags":[],"class_list":["post-263","page","type-page","status-publish","hentry"],"yoast_head":"<!-- This site is optimized with the Yoast SEO plugin v27.3 - https:\/\/yoast.com\/product\/yoast-seo-wordpress\/ -->\n<title>\u21d2 Szczecin Location | Infos utiles pour vos apparts \/ FAQ<\/title>\n<meta name=\"description\" content=\"Quelques infos utiles pour les locations d&#039;appartements pour les \u00e9tudiants \u00e0 Szczecin. Distance par rapport aux h\u00f4pitaux, commodit\u00e9s, ...\" \/>\n<meta name=\"robots\" content=\"index, follow, max-snippet:-1, max-image-preview:large, max-video-preview:-1\" \/>\n<link rel=\"canonical\" href=\"https:\/\/www.szczecin-apartments.rent\/fr\/infos-utiles-faq\/\" \/>\n<meta property=\"og:locale\" content=\"fr_FR\" \/>\n<meta property=\"og:type\" content=\"article\" \/>\n<meta property=\"og:title\" content=\"\u21d2 Szczecin Location | Infos utiles pour vos apparts \/ FAQ\" \/>\n<meta property=\"og:description\" content=\"Quelques infos utiles pour les locations d&#039;appartements pour les \u00e9tudiants \u00e0 Szczecin. Distance par rapport aux h\u00f4pitaux, commodit\u00e9s, ...\" \/>\n<meta property=\"og:url\" content=\"https:\/\/www.szczecin-apartments.rent\/fr\/infos-utiles-faq\/\" \/>\n<meta property=\"og:site_name\" content=\"Louer \u00e0 Szczecin\" \/>\n<meta property=\"article:modified_time\" content=\"2026-03-21T19:25:01+00:00\" \/>\n<meta property=\"og:image\" content=\"https:\/\/www.szczecin-apartments.rent\/wp-content\/uploads\/2016\/09\/location-szczecin-studio-11-1-living-kitchen.jpg\" \/>\n\t<meta property=\"og:image:width\" content=\"1632\" \/>\n\t<meta property=\"og:image:height\" content=\"920\" \/>\n\t<meta property=\"og:image:type\" content=\"image\/jpeg\" \/>\n<meta name=\"twitter:card\" content=\"summary_large_image\" \/>\n<meta name=\"twitter:label1\" content=\"Dur\u00e9e de lecture estim\u00e9e\" \/>\n\t<meta name=\"twitter:data1\" content=\"2 minutes\" \/>\n<script type=\"application\/ld+json\" class=\"yoast-schema-graph\">{\"@context\":\"https:\\\/\\\/schema.org\",\"@graph\":[{\"@type\":\"WebPage\",\"@id\":\"https:\\\/\\\/www.szczecin-apartments.rent\\\/fr\\\/infos-utiles-faq\\\/\",\"url\":\"https:\\\/\\\/www.szczecin-apartments.rent\\\/fr\\\/infos-utiles-faq\\\/\",\"name\":\"\u21d2 Szczecin Location | Infos utiles pour vos apparts \\\/ FAQ\",\"isPartOf\":{\"@id\":\"https:\\\/\\\/www.szczecin-apartments.rent\\\/#website\"},\"datePublished\":\"2026-03-12T13:59:34+00:00\",\"dateModified\":\"2026-03-21T19:25:01+00:00\",\"description\":\"Quelques infos utiles pour les locations d'appartements pour les \u00e9tudiants \u00e0 Szczecin. Distance par rapport aux h\u00f4pitaux, commodit\u00e9s, ...\",\"breadcrumb\":{\"@id\":\"https:\\\/\\\/www.szczecin-apartments.rent\\\/fr\\\/infos-utiles-faq\\\/#breadcrumb\"},\"inLanguage\":\"fr-FR\",\"potentialAction\":[{\"@type\":\"ReadAction\",\"target\":[\"https:\\\/\\\/www.szczecin-apartments.rent\\\/fr\\\/infos-utiles-faq\\\/\"]}]},{\"@type\":\"BreadcrumbList\",\"@id\":\"https:\\\/\\\/www.szczecin-apartments.rent\\\/fr\\\/infos-utiles-faq\\\/#breadcrumb\",\"itemListElement\":[{\"@type\":\"ListItem\",\"position\":1,\"name\":\"Accueil\",\"item\":\"https:\\\/\\\/www.szczecin-apartments.rent\\\/fr\\\/\"},{\"@type\":\"ListItem\",\"position\":2,\"name\":\"Infos utiles \\\/ FAQ\"}]},{\"@type\":\"WebSite\",\"@id\":\"https:\\\/\\\/www.szczecin-apartments.rent\\\/#website\",\"url\":\"https:\\\/\\\/www.szczecin-apartments.rent\\\/\",\"name\":\"Studend Flat Rental Szczecin\",\"description\":\"Location d&#039;appartements pour \u00e9tudiants \u00e0 Szczecin\",\"publisher\":{\"@id\":\"https:\\\/\\\/www.szczecin-apartments.rent\\\/#\\\/schema\\\/person\\\/1b38aa0966fbbc200e23dcf7051c1590\"},\"potentialAction\":[{\"@type\":\"SearchAction\",\"target\":{\"@type\":\"EntryPoint\",\"urlTemplate\":\"https:\\\/\\\/www.szczecin-apartments.rent\\\/?s={search_term_string}\"},\"query-input\":{\"@type\":\"PropertyValueSpecification\",\"valueRequired\":true,\"valueName\":\"search_term_string\"}}],\"inLanguage\":\"fr-FR\"},{\"@type\":[\"Person\",\"Organization\"],\"@id\":\"https:\\\/\\\/www.szczecin-apartments.rent\\\/#\\\/schema\\\/person\\\/1b38aa0966fbbc200e23dcf7051c1590\",\"name\":\"St\u00e9phane HERMET\",\"logo\":{\"@id\":\"https:\\\/\\\/www.szczecin-apartments.rent\\\/#\\\/schema\\\/person\\\/image\\\/\"}}]}<\/script>\n<!-- \/ Yoast SEO plugin. -->","yoast_head_json":{"title":"\u21d2 Szczecin Location | Infos utiles pour vos apparts \/ FAQ","description":"Quelques infos utiles pour les locations d'appartements pour les \u00e9tudiants \u00e0 Szczecin. Distance par rapport aux h\u00f4pitaux, commodit\u00e9s, ...","robots":{"index":"index","follow":"follow","max-snippet":"max-snippet:-1","max-image-preview":"max-image-preview:large","max-video-preview":"max-video-preview:-1"},"canonical":"https:\/\/www.szczecin-apartments.rent\/fr\/infos-utiles-faq\/","og_locale":"fr_FR","og_type":"article","og_title":"\u21d2 Szczecin Location | Infos utiles pour vos apparts \/ FAQ","og_description":"Quelques infos utiles pour les locations d'appartements pour les \u00e9tudiants \u00e0 Szczecin. Distance par rapport aux h\u00f4pitaux, commodit\u00e9s, ...","og_url":"https:\/\/www.szczecin-apartments.rent\/fr\/infos-utiles-faq\/","og_site_name":"Louer \u00e0 Szczecin","article_modified_time":"2026-03-21T19:25:01+00:00","og_image":[{"width":1632,"height":920,"url":"https:\/\/www.szczecin-apartments.rent\/wp-content\/uploads\/2016\/09\/location-szczecin-studio-11-1-living-kitchen.jpg","type":"image\/jpeg"}],"twitter_card":"summary_large_image","twitter_misc":{"Dur\u00e9e de lecture estim\u00e9e":"2 minutes"},"schema":{"@context":"https:\/\/schema.org","@graph":[{"@type":"WebPage","@id":"https:\/\/www.szczecin-apartments.rent\/fr\/infos-utiles-faq\/","url":"https:\/\/www.szczecin-apartments.rent\/fr\/infos-utiles-faq\/","name":"\u21d2 Szczecin Location | Infos utiles pour vos apparts \/ FAQ","isPartOf":{"@id":"https:\/\/www.szczecin-apartments.rent\/#website"},"datePublished":"2026-03-12T13:59:34+00:00","dateModified":"2026-03-21T19:25:01+00:00","description":"Quelques infos utiles pour les locations d'appartements pour les \u00e9tudiants \u00e0 Szczecin. Distance par rapport aux h\u00f4pitaux, commodit\u00e9s, ...","breadcrumb":{"@id":"https:\/\/www.szczecin-apartments.rent\/fr\/infos-utiles-faq\/#breadcrumb"},"inLanguage":"fr-FR","potentialAction":[{"@type":"ReadAction","target":["https:\/\/www.szczecin-apartments.rent\/fr\/infos-utiles-faq\/"]}]},{"@type":"BreadcrumbList","@id":"https:\/\/www.szczecin-apartments.rent\/fr\/infos-utiles-faq\/#breadcrumb","itemListElement":[{"@type":"ListItem","position":1,"name":"Accueil","item":"https:\/\/www.szczecin-apartments.rent\/fr\/"},{"@type":"ListItem","position":2,"name":"Infos utiles \/ FAQ"}]},{"@type":"WebSite","@id":"https:\/\/www.szczecin-apartments.rent\/#website","url":"https:\/\/www.szczecin-apartments.rent\/","name":"Studend Flat Rental Szczecin","description":"Location d&#039;appartements pour \u00e9tudiants \u00e0 Szczecin","publisher":{"@id":"https:\/\/www.szczecin-apartments.rent\/#\/schema\/person\/1b38aa0966fbbc200e23dcf7051c1590"},"potentialAction":[{"@type":"SearchAction","target":{"@type":"EntryPoint","urlTemplate":"https:\/\/www.szczecin-apartments.rent\/?s={search_term_string}"},"query-input":{"@type":"PropertyValueSpecification","valueRequired":true,"valueName":"search_term_string"}}],"inLanguage":"fr-FR"},{"@type":["Person","Organization"],"@id":"https:\/\/www.szczecin-apartments.rent\/#\/schema\/person\/1b38aa0966fbbc200e23dcf7051c1590","name":"St\u00e9phane HERMET","logo":{"@id":"https:\/\/www.szczecin-apartments.rent\/#\/schema\/person\/image\/"}}]}},"_links":{"self":[{"href":"https:\/\/www.szczecin-apartments.rent\/fr\/wp-json\/wp\/v2\/pages\/263","targetHints":{"allow":["GET"]}}],"collection":[{"href":"https:\/\/www.szczecin-apartments.rent\/fr\/wp-json\/wp\/v2\/pages"}],"about":[{"href":"https:\/\/www.szczecin-apartments.rent\/fr\/wp-json\/wp\/v2\/types\/page"}],"author":[{"embeddable":true,"href":"https:\/\/www.szczecin-apartments.rent\/fr\/wp-json\/wp\/v2\/users\/1"}],"replies":[{"embeddable":true,"href":"https:\/\/www.szczecin-apartments.rent\/fr\/wp-json\/wp\/v2\/comments?post=263"}],"version-history":[{"count":0,"href":"https:\/\/www.szczecin-apartments.rent\/fr\/wp-json\/wp\/v2\/pages\/263\/revisions"}],"wp:attachment":[{"href":"https:\/\/www.szczecin-apartments.rent\/fr\/wp-json\/wp\/v2\/media?parent=263"}],"wp:term":[{"taxonomy":"post_tag","embeddable":true,"href":"https:\/\/www.szczecin-apartments.rent\/fr\/wp-json\/wp\/v2\/tags?post=263"}],"curies":[{"name":"wp","href":"https:\/\/api.w.org\/{rel}","templated":true}]}}